{"id":962,"date":"2022-07-06T12:48:58","date_gmt":"2022-07-06T12:48:58","guid":{"rendered":"https:\/\/eager-hugle.46-229-45-18.plesk.page\/?page_id=962"},"modified":"2025-11-03T12:47:44","modified_gmt":"2025-11-03T12:47:44","slug":"impressum","status":"publish","type":"page","link":"https:\/\/susanne-ruppert.de\/index.php\/impressum\/","title":{"rendered":"Impressum"},"content":{"rendered":"<div class=\"gb-container gb-container-cdbaec7c box-shadow\"><div class=\"gb-inside-container\">\n<div class=\"gb-container gb-container-a78c53ce\"><div class=\"gb-inside-container\">\n<div class=\"gb-container gb-container-a6c09377\"><div class=\"gb-inside-container\">\n\n<h3 class=\"gb-headline gb-headline-9ceee965 gb-headline-text\">Impressum<\/h3>\n\n<\/div><\/div>\n\n<div class=\"gb-container gb-container-771c8a61\"><div class=\"gb-inside-container\">\n\n<div class=\"wp-block-columns is-layout-flex wp-container-core-columns-is-layout-9d6595d7 wp-block-columns-is-layout-flex\">\n<div class=\"wp-block-column is-layout-flow wp-block-column-is-layout-flow\"><div class=\"gb-container gb-container-df43daa3\"><div class=\"gb-inside-container\">\n<div class=\"gb-container gb-container-16092783\"><div class=\"gb-inside-container\">\n\n<p style=\"font-size:17px\"><strong>Name u. Sitz der psychotherapeutischen Praxis:<\/strong><\/p>\n\n\n\n<p class=\"gb-headline gb-headline-6e23bb3a gb-headline-text\">Marktstr. 2<br>33602 Bielefeld<br>Tel.: <a href=\"http:\/\/tel.:05219891661\">0521-98 91 661<\/a><br>Fax: 0521-98 25 808<br>E-Mail: <a href=\"mailto:susanne.ruppert@t-online.de\">susanne.ruppert@t-online.de<\/a><br>Web: <a href=\"http:\/\/www.susanne-ruppert.de\">www.susanne-ruppert.de<\/a><\/p>\n\n<\/div><\/div>\n\n<div class=\"gb-container gb-container-13aa3214\"><div class=\"gb-inside-container\">\n\n<div class=\"wp-block-columns is-layout-flex wp-container-core-columns-is-layout-9d6595d7 wp-block-columns-is-layout-flex\">\n<div class=\"wp-block-column is-vertically-aligned-center is-layout-flow wp-block-column-is-layout-flow\" style=\"flex-basis:65%\"><div class=\"gb-container gb-container-4be7062e\"><div class=\"gb-inside-container\">\n\n<p style=\"font-size:17px\"><strong>Gestaltung und Umsetzung:<\/strong><\/p>\n\n<\/div><\/div><\/div>\n\n\n\n<div class=\"wp-block-column is-layout-flow wp-block-column-is-layout-flow\" style=\"flex-basis:35%\"><div class=\"gb-container gb-container-3fee0948\"><div class=\"gb-inside-container\">\n\n<figure class=\"wp-block-image size-full is-resized\"><a href=\"https:\/\/werbeanker.de\" target=\"_blank\" rel=\"noreferrer noopener\"><img loading=\"lazy\" decoding=\"async\" width=\"300\" height=\"144\" src=\"https:\/\/susanne-ruppert.de\/wp-content\/uploads\/2022\/07\/WA_LOGO_2021_RGB_Verlauf_300px.png\" alt=\"\" class=\"wp-image-968\" style=\"width:98px;height:auto\"\/><\/a><\/figure>\n\n<\/div><\/div><\/div>\n<\/div>\n\n<\/div><\/div>\n<\/div><\/div><\/div>\n\n\n\n<div class=\"wp-block-column is-layout-flow wp-block-column-is-layout-flow\"><div class=\"gb-container gb-container-cc7a26f6\"><div class=\"gb-inside-container\">\n<div class=\"gb-container gb-container-350fb416\"><div class=\"gb-inside-container\">\n<div class=\"gb-container gb-container-91ad67b4\"><div class=\"gb-inside-container\">\n\n<p class=\"gb-headline gb-headline-3b5a52df gb-headline-text\"><strong><strong>Gesetzliche Berufsbezeichnung<\/strong><\/strong>:<\/p>\n\n<\/div><\/div>\n\n\n<p style=\"font-size:15px\">Psychologische Psychotherapeutin<br>Mitglied der Psychotherapeutenkammer NRW<br><br><strong>Zust\u00e4ndige Ausichtsbeh\u00f6rde: <\/strong><br>Psychotherapeutenkammer NRW<br>Anstalt des \u00f6ffentlichen Rechts f\u00fcr Psychologische PsychotherapeutInnen und Kinder- und JugendlichenpsychotherapeutInnen <br><br>Willst\u00e4tter Str. 10<br>40549 D\u00fcsseldorf<br>Telefon: <a href=\"Tel:02115228470\">0211\/52 28 47-0<\/a><br>Fax: 0211\/52 28 47-15<\/p>\n\n<\/div><\/div>\n<\/div><\/div><\/div>\n<\/div>\n\n<\/div><\/div>\n\n<div class=\"gb-container gb-container-3c1080d5\"><div class=\"gb-inside-container\">\n\n<div class=\"wp-block-columns is-layout-flex wp-container-core-columns-is-layout-9d6595d7 wp-block-columns-is-layout-flex\">\n<div class=\"wp-block-column is-layout-flow wp-block-column-is-layout-flow\"><div class=\"gb-container gb-container-c27c87a5\"><div class=\"gb-inside-container\">\n\n<p class=\"gb-headline gb-headline-9462f857 gb-headline-text\">Nach dem Urteil vom 12.05.1998 &#8211; 312 O 85\/98 \u201cHaftung f\u00fcr Links\u201d hat das Landgericht Hamburg entschieden, dass man durch die Ausbringung eines Links, die Inhalte der gelinkten Seiten mitzuverantworten hat. Ich habe auf verschiedenen Seiten dieser Webseite Links zu anderen Seiten gelegt. Ich habe keinerlei Einfluss auf die Gestaltung und die Inhalte der verlinkten Seiten. Ich distanziere mich ausdr\u00fccklich von allen Inhalten der gelinkten Seiten und mache mich ihrer Inhalte nicht zu eigen. Diese Erkl\u00e4rung gilt f\u00fcr alle auf meiner Webseite existierenden Links<a href=\"http:\/\/tel.:05219891661\"> <\/a><\/p>\n\n<\/div><\/div><\/div>\n<\/div>\n\n<\/div><\/div>\n<\/div><\/div>\n<\/div><\/div>","protected":false},"excerpt":{"rendered":"<p>Impressum Name u. Sitz der psychotherapeutischen Praxis: Marktstr. 233602 BielefeldTel.: 0521-98 91 661Fax: 0521-98 25 808E-Mail: susanne.ruppert@t-online.deWeb: www.susanne-ruppert.de Gestaltung und Umsetzung: Gesetzliche Berufsbezeichnung: Psychologische PsychotherapeutinMitglied der Psychotherapeutenkammer NRW Zust\u00e4ndige Ausichtsbeh\u00f6rde: Psychotherapeutenkammer NRWAnstalt des \u00f6ffentlichen Rechts f\u00fcr Psychologische PsychotherapeutInnen und Kinder- und JugendlichenpsychotherapeutInnen Willst\u00e4tter Str. 1040549 D\u00fcsseldorfTelefon: 0211\/52 28 47-0Fax: 0211\/52 28 47-15 Nach dem Urteil &#8230; <a title=\"Impressum\" class=\"read-more\" href=\"https:\/\/susanne-ruppert.de\/index.php\/impressum\/\" aria-label=\"Mehr Informationen \u00fcber Impressum\">Weiterlesen<\/a><\/p>\n","protected":false},"author":1,"featured_media":0,"parent":0,"menu_order":98,"comment_status":"closed","ping_status":"closed","template":"","meta":{"footnotes":""},"class_list":["post-962","page","type-page","status-publish"],"yoast_head":"<!-- This site is optimized with the Yoast SEO plugin v23.5 - https:\/\/yoast.com\/wordpress\/plugins\/seo\/ -->\n<title>Impressum - Dipl. Psychologin Ruppert<\/title>\n<meta name=\"robots\" content=\"index, follow, max-snippet:-1, max-image-preview:large, max-video-preview:-1\" \/>\n<link rel=\"canonical\" href=\"https:\/\/susanne-ruppert.de\/index.php\/impressum\/\" \/>\n<meta property=\"og:locale\" content=\"de_DE\" \/>\n<meta property=\"og:type\" content=\"article\" \/>\n<meta property=\"og:title\" content=\"Impressum - Dipl. Psychologin Ruppert\" \/>\n<meta property=\"og:description\" content=\"Impressum Name u. Sitz der psychotherapeutischen Praxis: Marktstr. 233602 BielefeldTel.: 0521-98 91 661Fax: 0521-98 25 808E-Mail: susanne.ruppert@t-online.deWeb: www.susanne-ruppert.de Gestaltung und Umsetzung: Gesetzliche Berufsbezeichnung: Psychologische PsychotherapeutinMitglied der Psychotherapeutenkammer NRW Zust\u00e4ndige Ausichtsbeh\u00f6rde: Psychotherapeutenkammer NRWAnstalt des \u00f6ffentlichen Rechts f\u00fcr Psychologische PsychotherapeutInnen und Kinder- und JugendlichenpsychotherapeutInnen Willst\u00e4tter Str. 1040549 D\u00fcsseldorfTelefon: 0211\/52 28 47-0Fax: 0211\/52 28 47-15 Nach dem Urteil ... Weiterlesen\" \/>\n<meta property=\"og:url\" content=\"https:\/\/susanne-ruppert.de\/index.php\/impressum\/\" \/>\n<meta property=\"og:site_name\" content=\"Dipl. Psychologin Ruppert\" \/>\n<meta property=\"article:modified_time\" content=\"2025-11-03T12:47:44+00:00\" \/>\n<meta property=\"og:image\" content=\"https:\/\/susanne-ruppert.de\/wp-content\/uploads\/2022\/07\/WA_LOGO_2021_RGB_Verlauf_300px.png\" \/>\n<meta name=\"twitter:card\" content=\"summary_large_image\" \/>\n<meta name=\"twitter:label1\" content=\"Gesch\u00e4tzte Lesezeit\" \/>\n\t<meta name=\"twitter:data1\" content=\"2\u00a0Minuten\" \/>\n<script type=\"application\/ld+json\" class=\"yoast-schema-graph\">{\"@context\":\"https:\/\/schema.org\",\"@graph\":[{\"@type\":\"WebPage\",\"@id\":\"https:\/\/susanne-ruppert.de\/index.php\/impressum\/\",\"url\":\"https:\/\/susanne-ruppert.de\/index.php\/impressum\/\",\"name\":\"Impressum - Dipl. Psychologin Ruppert\",\"isPartOf\":{\"@id\":\"https:\/\/susanne-ruppert.de\/#website\"},\"primaryImageOfPage\":{\"@id\":\"https:\/\/susanne-ruppert.de\/index.php\/impressum\/#primaryimage\"},\"image\":{\"@id\":\"https:\/\/susanne-ruppert.de\/index.php\/impressum\/#primaryimage\"},\"thumbnailUrl\":\"https:\/\/susanne-ruppert.de\/wp-content\/uploads\/2022\/07\/WA_LOGO_2021_RGB_Verlauf_300px.png\",\"datePublished\":\"2022-07-06T12:48:58+00:00\",\"dateModified\":\"2025-11-03T12:47:44+00:00\",\"breadcrumb\":{\"@id\":\"https:\/\/susanne-ruppert.de\/index.php\/impressum\/#breadcrumb\"},\"inLanguage\":\"de\",\"potentialAction\":[{\"@type\":\"ReadAction\",\"target\":[\"https:\/\/susanne-ruppert.de\/index.php\/impressum\/\"]}]},{\"@type\":\"ImageObject\",\"inLanguage\":\"de\",\"@id\":\"https:\/\/susanne-ruppert.de\/index.php\/impressum\/#primaryimage\",\"url\":\"https:\/\/susanne-ruppert.de\/wp-content\/uploads\/2022\/07\/WA_LOGO_2021_RGB_Verlauf_300px.png\",\"contentUrl\":\"https:\/\/susanne-ruppert.de\/wp-content\/uploads\/2022\/07\/WA_LOGO_2021_RGB_Verlauf_300px.png\",\"width\":300,\"height\":144},{\"@type\":\"BreadcrumbList\",\"@id\":\"https:\/\/susanne-ruppert.de\/index.php\/impressum\/#breadcrumb\",\"itemListElement\":[{\"@type\":\"ListItem\",\"position\":1,\"name\":\"Startseite\",\"item\":\"https:\/\/susanne-ruppert.de\/\"},{\"@type\":\"ListItem\",\"position\":2,\"name\":\"Impressum\"}]},{\"@type\":\"WebSite\",\"@id\":\"https:\/\/susanne-ruppert.de\/#website\",\"url\":\"https:\/\/susanne-ruppert.de\/\",\"name\":\"Dipl. Psychologin Ruppert\",\"description\":\"Just another WordPress site\",\"potentialAction\":[{\"@type\":\"SearchAction\",\"target\":{\"@type\":\"EntryPoint\",\"urlTemplate\":\"https:\/\/susanne-ruppert.de\/?s={search_term_string}\"},\"query-input\":{\"@type\":\"PropertyValueSpecification\",\"valueRequired\":true,\"valueName\":\"search_term_string\"}}],\"inLanguage\":\"de\"}]}<\/script>\n<!-- \/ Yoast SEO plugin. -->","yoast_head_json":{"title":"Impressum - Dipl. Psychologin Ruppert","robots":{"index":"index","follow":"follow","max-snippet":"max-snippet:-1","max-image-preview":"max-image-preview:large","max-video-preview":"max-video-preview:-1"},"canonical":"https:\/\/susanne-ruppert.de\/index.php\/impressum\/","og_locale":"de_DE","og_type":"article","og_title":"Impressum - Dipl. Psychologin Ruppert","og_description":"Impressum Name u. Sitz der psychotherapeutischen Praxis: Marktstr. 233602 BielefeldTel.: 0521-98 91 661Fax: 0521-98 25 808E-Mail: susanne.ruppert@t-online.deWeb: www.susanne-ruppert.de Gestaltung und Umsetzung: Gesetzliche Berufsbezeichnung: Psychologische PsychotherapeutinMitglied der Psychotherapeutenkammer NRW Zust\u00e4ndige Ausichtsbeh\u00f6rde: Psychotherapeutenkammer NRWAnstalt des \u00f6ffentlichen Rechts f\u00fcr Psychologische PsychotherapeutInnen und Kinder- und JugendlichenpsychotherapeutInnen Willst\u00e4tter Str. 1040549 D\u00fcsseldorfTelefon: 0211\/52 28 47-0Fax: 0211\/52 28 47-15 Nach dem Urteil ... Weiterlesen","og_url":"https:\/\/susanne-ruppert.de\/index.php\/impressum\/","og_site_name":"Dipl. Psychologin Ruppert","article_modified_time":"2025-11-03T12:47:44+00:00","og_image":[{"url":"https:\/\/susanne-ruppert.de\/wp-content\/uploads\/2022\/07\/WA_LOGO_2021_RGB_Verlauf_300px.png"}],"twitter_card":"summary_large_image","twitter_misc":{"Gesch\u00e4tzte Lesezeit":"2\u00a0Minuten"},"schema":{"@context":"https:\/\/schema.org","@graph":[{"@type":"WebPage","@id":"https:\/\/susanne-ruppert.de\/index.php\/impressum\/","url":"https:\/\/susanne-ruppert.de\/index.php\/impressum\/","name":"Impressum - Dipl. Psychologin Ruppert","isPartOf":{"@id":"https:\/\/susanne-ruppert.de\/#website"},"primaryImageOfPage":{"@id":"https:\/\/susanne-ruppert.de\/index.php\/impressum\/#primaryimage"},"image":{"@id":"https:\/\/susanne-ruppert.de\/index.php\/impressum\/#primaryimage"},"thumbnailUrl":"https:\/\/susanne-ruppert.de\/wp-content\/uploads\/2022\/07\/WA_LOGO_2021_RGB_Verlauf_300px.png","datePublished":"2022-07-06T12:48:58+00:00","dateModified":"2025-11-03T12:47:44+00:00","breadcrumb":{"@id":"https:\/\/susanne-ruppert.de\/index.php\/impressum\/#breadcrumb"},"inLanguage":"de","potentialAction":[{"@type":"ReadAction","target":["https:\/\/susanne-ruppert.de\/index.php\/impressum\/"]}]},{"@type":"ImageObject","inLanguage":"de","@id":"https:\/\/susanne-ruppert.de\/index.php\/impressum\/#primaryimage","url":"https:\/\/susanne-ruppert.de\/wp-content\/uploads\/2022\/07\/WA_LOGO_2021_RGB_Verlauf_300px.png","contentUrl":"https:\/\/susanne-ruppert.de\/wp-content\/uploads\/2022\/07\/WA_LOGO_2021_RGB_Verlauf_300px.png","width":300,"height":144},{"@type":"BreadcrumbList","@id":"https:\/\/susanne-ruppert.de\/index.php\/impressum\/#breadcrumb","itemListElement":[{"@type":"ListItem","position":1,"name":"Startseite","item":"https:\/\/susanne-ruppert.de\/"},{"@type":"ListItem","position":2,"name":"Impressum"}]},{"@type":"WebSite","@id":"https:\/\/susanne-ruppert.de\/#website","url":"https:\/\/susanne-ruppert.de\/","name":"Dipl. Psychologin Ruppert","description":"Just another WordPress site","potentialAction":[{"@type":"SearchAction","target":{"@type":"EntryPoint","urlTemplate":"https:\/\/susanne-ruppert.de\/?s={search_term_string}"},"query-input":{"@type":"PropertyValueSpecification","valueRequired":true,"valueName":"search_term_string"}}],"inLanguage":"de"}]}},"_links":{"self":[{"href":"https:\/\/susanne-ruppert.de\/index.php\/wp-json\/wp\/v2\/pages\/962","targetHints":{"allow":["GET"]}}],"collection":[{"href":"https:\/\/susanne-ruppert.de\/index.php\/wp-json\/wp\/v2\/pages"}],"about":[{"href":"https:\/\/susanne-ruppert.de\/index.php\/wp-json\/wp\/v2\/types\/page"}],"author":[{"embeddable":true,"href":"https:\/\/susanne-ruppert.de\/index.php\/wp-json\/wp\/v2\/users\/1"}],"replies":[{"embeddable":true,"href":"https:\/\/susanne-ruppert.de\/index.php\/wp-json\/wp\/v2\/comments?post=962"}],"version-history":[{"count":15,"href":"https:\/\/susanne-ruppert.de\/index.php\/wp-json\/wp\/v2\/pages\/962\/revisions"}],"predecessor-version":[{"id":1280,"href":"https:\/\/susanne-ruppert.de\/index.php\/wp-json\/wp\/v2\/pages\/962\/revisions\/1280"}],"wp:attachment":[{"href":"https:\/\/susanne-ruppert.de\/index.php\/wp-json\/wp\/v2\/media?parent=962"}],"curies":[{"name":"wp","href":"https:\/\/api.w.org\/{rel}","templated":true}]}}